{"id":46,"date":"2025-09-11T13:48:26","date_gmt":"2025-09-11T11:48:26","guid":{"rendered":"https:\/\/post1a7817bd6c2-obcei.wordpress.com\/?page_id=46"},"modified":"2025-10-23T10:39:55","modified_gmt":"2025-10-23T08:39:55","slug":"dienstleistung","status":"publish","type":"page","link":"https:\/\/juma-handel-projekt.de\/index.php\/dienstleistung\/","title":{"rendered":"Unsere Dienstleistung"},"content":{"rendered":"\n<div style=\"height:65px\" aria-hidden=\"true\" class=\"wp-block-spacer\"><\/div>\n\n\n\n<div class=\"wp-block-columns alignwide is-layout-flex wp-container-core-columns-is-layout-1da03c2a wp-block-columns-is-layout-flex\">\n<div class=\"wp-block-column is-vertically-aligned-stretch is-layout-flow wp-block-column-is-layout-flow\" style=\"flex-basis:50%\">\n<div class=\"wp-block-group is-vertical is-content-justification-stretch is-layout-flex wp-container-core-group-is-layout-401b7a8a wp-block-group-is-layout-flex\" style=\"min-height:100%\">\n<p class=\"has-heading-font-family has-x-large-font-size\" style=\"line-height:1.2\"><strong>Ihr Partner f\u00fcr Druck &amp; Versand <\/strong><\/p>\n\n\n\n<p>Wir arbeiten schon sehr lange erfolgreich mit renommierten Investmentfirmen zusammen. <strong>Unsere St\u00e4rke<\/strong> liegt darin, <strong>Kundeninformationen, die rechtlich vorgeschrieben sind, professionell zu drucken, zu konfektionieren und termingerecht zu versenden. <\/strong>Dabei garantieren wir h\u00f6chste Sicherheitsstandards \u2013 selbstverst\u00e4ndlich im Einklang mit allen Datenschutz- und Geheimhaltungsbestimmungen.<\/p>\n\n\n\n<p>Schnelligkeit und Genauigkeit sind unser Anspruch: Auch kurzfristige Auftr\u00e4ge setzen wir zuverl\u00e4ssig f\u00fcr Sie um.<\/p>\n\n\n\n<p>Dar\u00fcber hinaus \u00fcbernehmen wir f\u00fcr unsere Kunden die Lagerung von Katalogen, Brosch\u00fcren oder Give-aways \u2013 und sorgen daf\u00fcr, dass diese p\u00fcnktlich und in bester Qualit\u00e4t, zum Beispiel zu Ihren Messeterminen, versendet werden.<\/p>\n<\/div>\n<\/div>\n\n\n\n<div class=\"wp-block-column is-vertically-aligned-center is-layout-flow wp-block-column-is-layout-flow\" style=\"flex-basis:50%\">\n<figure class=\"wp-block-image size-large is-style-default\"><img decoding=\"async\" src=\"https:\/\/juma-handel-projekt.de\/wp-content\/uploads\/2025\/09\/pexels-cottonbro-3826688.jpg?w=1024\" alt=\"\" class=\"wp-image-74\" style=\"aspect-ratio:3\/4;object-fit:cover\"\/><\/figure>\n<\/div>\n<\/div>\n\n\n\n<div style=\"height:90px\" aria-hidden=\"true\" class=\"wp-block-spacer\"><\/div>\n\n\n\n<div class=\"wp-block-group alignwide has-accent-5-background-color has-background has-global-padding is-layout-constrained wp-block-group-is-layout-constrained\">\n<div class=\"wp-block-columns alignwide are-vertically-aligned-center is-layout-flex wp-container-core-columns-is-layout-1da03c2a wp-block-columns-is-layout-flex\">\n<div class=\"wp-block-column is-vertically-aligned-center is-layout-flow wp-block-column-is-layout-flow\" style=\"flex-basis:50%\">\n<figure class=\"wp-block-image size-large is-style-default\"><img loading=\"lazy\" decoding=\"async\" width=\"1280\" height=\"854\" src=\"https:\/\/juma-handel-projekt.de\/wp-content\/uploads\/2025\/09\/industrial-hall-1630741_1280.jpg?w=1024\" alt=\"\" class=\"wp-image-72\" style=\"aspect-ratio:3\/4;object-fit:cover\" srcset=\"https:\/\/juma-handel-projekt.de\/wp-content\/uploads\/2025\/09\/industrial-hall-1630741_1280.jpg 1280w, https:\/\/juma-handel-projekt.de\/wp-content\/uploads\/2025\/09\/industrial-hall-1630741_1280-300x200.jpg 300w, https:\/\/juma-handel-projekt.de\/wp-content\/uploads\/2025\/09\/industrial-hall-1630741_1280-1024x683.jpg 1024w, https:\/\/juma-handel-projekt.de\/wp-content\/uploads\/2025\/09\/industrial-hall-1630741_1280-768x512.jpg 768w\" sizes=\"auto, (max-width: 1280px) 100vw, 1280px\" \/><\/figure>\n<\/div>\n\n\n\n<div class=\"wp-block-column is-vertically-aligned-center is-layout-flow wp-block-column-is-layout-flow\" style=\"flex-basis:50%\">\n<div class=\"wp-block-group is-vertical is-content-justification-stretch is-layout-flex wp-container-core-group-is-layout-444d5ee8 wp-block-group-is-layout-flex\" style=\"min-height:100%\">\n<p class=\"has-heading-font-family has-x-large-font-size\" style=\"line-height:1.2\"><strong><strong>Individuelle Lagerl\u00f6sungen<\/strong> <\/strong><\/p>\n\n\n\n<p>Seit vielen Jahren sind wir ein verl\u00e4sslicher Partner in der Lagerlogistik f\u00fcr unsere Kunden. Wir bieten Palettenstellpl\u00e4tze an, wir k\u00fcmmern uns um die Ein- und Auslagerung Ihrer Ware \u2013 von kleinen Mengen bis hin zu gro\u00dfen Best\u00e4nden. Unsere Lager befinden sich in Schleswig-Holstein.<\/p>\n\n\n\n<p>Unsere Lagert\u00e4tigkeit gestalten wir flexibel nach Ihren Bed\u00fcrfnissen: Sie bestimmen Menge, Zeitraum und Versandoptionen, wir k\u00fcmmern uns um den Rest. So entlasten wir Ihre Prozesse, machen Abl\u00e4ufe effizienter und sorgen daf\u00fcr, dass Ihre Logistik reibungslos funktioniert.<\/p>\n<\/div>\n<\/div>\n<\/div>\n<\/div>\n\n\n\n<div style=\"height:90px\" aria-hidden=\"true\" class=\"wp-block-spacer\"><\/div>\n\n\n\n<div class=\"wp-block-columns alignwide is-layout-flex wp-container-core-columns-is-layout-1da03c2a wp-block-columns-is-layout-flex\">\n<div class=\"wp-block-column is-vertically-aligned-stretch is-layout-flow wp-block-column-is-layout-flow\" style=\"flex-basis:50%\">\n<div class=\"wp-block-group is-vertical is-content-justification-stretch is-layout-flex wp-container-core-group-is-layout-401b7a8a wp-block-group-is-layout-flex\" style=\"min-height:100%\">\n<p class=\"has-heading-font-family has-x-large-font-size\" style=\"line-height:1.2\"><strong><strong>Fulfillment-Services<\/strong> <\/strong><\/p>\n\n\n\n<p>Unser Fulfillment-Service sorgt f\u00fcr eine schnelle und pr\u00e4zise Bearbeitung Ihrer Bestellungen. Von der Kommissionierung bis zum Versand \u00fcbernehmen wir alle Schritte, um Ihre Kunden zuverl\u00e4ssig und zeitnah zu bedienen. Selbst sensible Produkte wie Farben verpacken und versenden wir sicher und fachgerecht. Durch moderne Lagerverwaltung und automatisierte Prozesse stellen wir sicher, dass Ihre Logistik reibungslos funktioniert und Sie sich auf Ihr Kerngesch\u00e4ft konzentrieren k\u00f6nnen.<\/p>\n\n\n\n<p>Dank unserer langj\u00e4hrigen Zusammenarbeit mit allen bekannten Versanddienstleistern sowie regionalen Speditionen garantieren wir eine zuverl\u00e4ssige Zustellung \u2013 national wie international.<\/p>\n\n\n\n<div class=\"wp-block-buttons is-layout-flex wp-block-buttons-is-layout-flex\">\n<div class=\"wp-block-button\"><a class=\"wp-block-button__link wp-element-button\" href=\"https:\/\/juma-handel-projekt.de\/index.php\/kontakt\/\">jetzt anfragen<\/a><\/div>\n<\/div>\n<\/div>\n<\/div>\n\n\n\n<div class=\"wp-block-column is-vertically-aligned-center is-layout-flow wp-block-column-is-layout-flow\" style=\"flex-basis:50%\">\n<figure class=\"wp-block-image size-large is-style-default\"><img decoding=\"async\" src=\"https:\/\/juma-handel-projekt.de\/wp-content\/uploads\/2025\/09\/fullfilment-versand.jpg?w=1024\" alt=\"\" class=\"wp-image-35\" style=\"aspect-ratio:3\/4;object-fit:cover\"\/><\/figure>\n<\/div>\n<\/div>\n\n\n\n<div style=\"height:90px\" aria-hidden=\"true\" class=\"wp-block-spacer\"><\/div>\n\n\n\n<div class=\"wp-block-group alignfull has-contrast-color has-accent-5-background-color has-text-color has-background has-link-color wp-elements-807bce4b0e1447a428eda73be8f5468c has-global-padding is-layout-constrained wp-container-core-group-is-layout-d89aad35 wp-block-group-is-layout-constrained\" style=\"margin-top:0;margin-bottom:0;padding-top:var(--wp--preset--spacing--50);padding-right:var(--wp--preset--spacing--50);padding-bottom:var(--wp--preset--spacing--50);padding-left:var(--wp--preset--spacing--50)\">\n<h3 class=\"wp-block-heading alignwide has-contrast-color has-text-color has-link-color wp-elements-bd8742931e926a24a5ab330c3aadb21b\" style=\"font-size:clamp(2.2rem, 2.2rem + ((1vw - 0.2rem) * 3), 4rem);letter-spacing:-0.02em\">FAQs &#8211; Druck &amp; Versand<\/h3>\n\n\n\n<div class=\"wp-block-group alignwide is-layout-flow wp-block-group-is-layout-flow\">\n<hr class=\"wp-block-separator has-text-color has-base-color has-alpha-channel-opacity has-base-background-color has-background is-style-wide\" style=\"margin-top:var(--wp--preset--spacing--30);margin-bottom:var(--wp--preset--spacing--30)\"\/>\n\n\n\n<h3 class=\"wp-block-heading alignwide has-contrast-color has-text-color has-link-color wp-elements-829a3abbeaccd5492c332838153b38fd\"><strong>Bearbeiten Sie nur rechtlich notwendige Korrespondenz oder auch Marketing-Aktionen?<\/strong><\/h3>\n\n\n\n<p class=\"has-contrast-1-color has-text-color has-link-color wp-elements-69312dd6234665adb7ecbac22531a20b\">Wir \u00fcbernehmen jede Art von Kundenkorrespondenz \u2013 von Marketingaktionen bis hin zu rechtlich vorgeschriebenen Mitteilungen. In den letzten Jahren haben wir uns verst\u00e4rkt auf die rechtliche Kommunikation spezialisiert, da die Anforderungen hier besonders hoch sind, insbesondere im Hinblick auf Datenschutz und Vertraulichkeit. Unser kleines, eingespieltes und erfahrenes Team meistert diese erh\u00f6hten Anforderungen zuverl\u00e4ssig und pr\u00e4zise \u2013 und garantiert gleichzeitig, dass auch Ihre Marketingaktionen professionell und termingerecht umgesetzt werden.<\/p>\n\n\n\n<hr class=\"wp-block-separator has-text-color has-base-color has-alpha-channel-opacity has-base-background-color has-background is-style-wide\" style=\"margin-top:var(--wp--preset--spacing--30);margin-bottom:var(--wp--preset--spacing--30)\"\/>\n\n\n\n<h3 class=\"wp-block-heading alignwide has-contrast-color has-text-color has-link-color wp-elements-fd76c053e49eb5e389aff7beba701fc0\"><strong>Wie stellen Sie Datenschutz sicher?<\/strong><\/h3>\n\n\n\n<p class=\"has-contrast-1-color has-text-color has-link-color wp-elements-fee73bbf99c7d22fa57a7a9a24b047b0\">Der Schutz sensibler Kundendaten hat bei uns h\u00f6chste Priorit\u00e4t. Wir arbeiten strikt nach den geltenden Datenschutzgesetzen und halten alle Geheimhaltungsbestimmungen ein. Unsere Prozesse sind so gestaltet, dass Kundendaten jederzeit sicher verarbeitet, gespeichert und versendet werden.<\/p>\n\n\n\n<p class=\"has-contrast-1-color has-text-color has-link-color wp-elements-8d57c783a99a024076b52d80503cecdb\">Als kleines, eingespieltes Team legen wir besonderen Wert auf pers\u00f6nliche Verantwortung und Sorgfalt. Viele unserer Mitarbeiterinnen und Mitarbeiter sind seit vielen Jahren bei uns \u2013 Erfahrung und Vertrauen stehen bei uns an erster Stelle. Zus\u00e4tzlich setzen wir auf geschultes Personal, moderne Sicherheitstechnologien und regelm\u00e4\u00dfige Kontrollen, um maximale Vertraulichkeit zu gew\u00e4hrleisten.<\/p>\n\n\n\n<hr class=\"wp-block-separator has-text-color has-base-color has-alpha-channel-opacity has-base-background-color has-background is-style-wide\" style=\"margin-top:var(--wp--preset--spacing--30);margin-bottom:var(--wp--preset--spacing--30)\"\/>\n\n\n\n<h3 class=\"wp-block-heading alignwide has-contrast-color has-text-color has-link-color wp-elements-91a988ccf7efb6b2e93e581efdb5be47\"><strong>Welche Vorlaufzeit ben\u00f6tigen Sie f\u00fcr die Auftr\u00e4ge<\/strong>?<\/h3>\n\n\n\n<p class=\"has-contrast-1-color has-text-color has-link-color wp-elements-28f61cb1af1f76a8dfc2d07a571634cc\">Die ben\u00f6tigte Vorlaufzeit h\u00e4ngt selbstverst\u00e4ndlich von Umfang und Gr\u00f6\u00dfe des Auftrags ab. Wir sind jedoch sehr flexibel und setzen alles daran, Ihre W\u00fcnsche schnell und zuverl\u00e4ssig umzusetzen \u2013 auch kurzfristige Auftr\u00e4ge realisieren wir, wann immer es m\u00f6glich ist.<\/p>\n\n\n\n<div style=\"margin-top:var(--wp--preset--spacing--10);margin-bottom:0;height:var(--wp--preset--spacing--10)\" aria-hidden=\"true\" class=\"wp-block-spacer\"><\/div>\n<\/div>\n<\/div>\n\n\n\n<div class=\"wp-block-group alignfull has-base-color has-contrast-background-color has-text-color has-background has-link-color wp-elements-902bfd43fe6695c657d8c39b9a37fc7a has-global-padding is-layout-constrained wp-container-core-group-is-layout-d89aad35 wp-block-group-is-layout-constrained\" style=\"margin-top:0;margin-bottom:0;padding-top:var(--wp--preset--spacing--50);padding-right:var(--wp--preset--spacing--50);padding-bottom:var(--wp--preset--spacing--50);padding-left:var(--wp--preset--spacing--50)\">\n<h2 class=\"wp-block-heading alignwide has-base-color has-text-color has-link-color wp-elements-ef65e566eb676daf734c4e94b8326177\" style=\"font-size:clamp(2.2rem, 2.2rem + ((1vw - 0.2rem) * 3), 4rem);letter-spacing:-0.02em\">FAQs<\/h2>\n\n\n\n<div class=\"wp-block-group alignwide is-layout-flow wp-block-group-is-layout-flow\">\n<hr class=\"wp-block-separator has-text-color has-base-color has-alpha-channel-opacity has-base-background-color has-background is-style-wide\" style=\"margin-top:var(--wp--preset--spacing--30);margin-bottom:var(--wp--preset--spacing--30)\"\/>\n\n\n\n<h3 class=\"wp-block-heading alignwide has-base-2-color has-text-color has-link-color wp-elements-22a569074286031ddc546544478538ef\">Welche Mengen an Paletten k\u00f6nnen Sie lagern?<\/h3>\n\n\n\n<p class=\"has-contrast-1-color has-text-color has-link-color wp-elements-913a1941c81e1e5074b3d61cb52e6c5f\">Wir lagern sowohl kleine Mengen als auch gr\u00f6\u00dfere Best\u00e4nde \u2013 von 1000-2000 Paletten. Dabei bieten wir Ihnen flexible Stellpl\u00e4tze, die optimal auf Ihre Bed\u00fcrfnisse abgestimmt sind.<\/p>\n\n\n\n<hr class=\"wp-block-separator has-text-color has-base-color has-alpha-channel-opacity has-base-background-color has-background is-style-wide\" style=\"margin-top:var(--wp--preset--spacing--30);margin-bottom:var(--wp--preset--spacing--30)\"\/>\n\n\n\n<h3 class=\"wp-block-heading alignwide has-base-2-color has-text-color has-link-color wp-elements-93f3775f946e42383e1d58e13ae7391b\">Welche Fulfillment-Leistungen bieten Sie an?<\/h3>\n\n\n\n<p class=\"has-contrast-1-color has-text-color has-link-color wp-elements-f53678ecbc772a9e047de08c50e96e67\">Wir \u00fcbernehmen das Konfektionieren individueller Kundenpakete, Erstellung von Lieferscheinen und Rechnungen und Versand mit einem Versanddienstleister Ihrer Wahl. Wir k\u00fcmmern uns auch um das Verpacken anspruchsvoller oder sensibler Waren, wie Farben. <\/p>\n\n\n\n<hr class=\"wp-block-separator has-text-color has-base-color has-alpha-channel-opacity has-base-background-color has-background is-style-wide\" style=\"margin-top:var(--wp--preset--spacing--30);margin-bottom:var(--wp--preset--spacing--30)\"\/>\n\n\n\n<h3 class=\"wp-block-heading alignwide has-base-2-color has-text-color has-link-color wp-elements-bd8ac8602f9258fe10c80005671afb0a\">Wie erfolgt der Versand der Paletten und Pakete?<\/h3>\n\n\n\n<p class=\"has-contrast-1-color has-text-color has-link-color wp-elements-0ce1cffbcfa0f4063b8daf361a94988b\">Wir arbeiten mit allen bekannten Versanddienstleistern sowie regionalen Speditionen zusammen. Dadurch gew\u00e4hrleisten wir eine zuverl\u00e4ssige Zustellung \u2013 national wie international.<\/p>\n\n\n\n<div style=\"margin-top:var(--wp--preset--spacing--10);margin-bottom:0;height:var(--wp--preset--spacing--10)\" aria-hidden=\"true\" class=\"wp-block-spacer\"><\/div>\n<\/div>\n<\/div>\n","protected":false},"excerpt":{"rendered":"<p>Ihr Partner f\u00fcr Druck &amp; Versand Wir arbeiten schon sehr lange erfolgreich mit renommierten Investmentfirmen zusammen. Unsere St\u00e4rke liegt darin, Kundeninformationen, die rechtlich vorgeschrieben sind, professionell zu drucken, zu konfektionieren und termingerecht zu versenden. Dabei garantieren wir h\u00f6chste Sicherheitsstandards \u2013 selbstverst\u00e4ndlich im Einklang mit allen Datenschutz- und Geheimhaltungsbestimmungen. Schnelligkeit und Genauigkeit sind unser Anspruch: Auch [&hellip;]<\/p>\n","protected":false},"author":2,"featured_media":0,"parent":0,"menu_order":0,"comment_status":"closed","ping_status":"closed","template":"","meta":{"footnotes":""},"class_list":["post-46","page","type-page","status-publish","hentry"],"_links":{"self":[{"href":"https:\/\/juma-handel-projekt.de\/index.php\/wp-json\/wp\/v2\/pages\/46","targetHints":{"allow":["GET"]}}],"collection":[{"href":"https:\/\/juma-handel-projekt.de\/index.php\/wp-json\/wp\/v2\/pages"}],"about":[{"href":"https:\/\/juma-handel-projekt.de\/index.php\/wp-json\/wp\/v2\/types\/page"}],"author":[{"embeddable":true,"href":"https:\/\/juma-handel-projekt.de\/index.php\/wp-json\/wp\/v2\/users\/2"}],"replies":[{"embeddable":true,"href":"https:\/\/juma-handel-projekt.de\/index.php\/wp-json\/wp\/v2\/comments?post=46"}],"version-history":[{"count":3,"href":"https:\/\/juma-handel-projekt.de\/index.php\/wp-json\/wp\/v2\/pages\/46\/revisions"}],"predecessor-version":[{"id":414,"href":"https:\/\/juma-handel-projekt.de\/index.php\/wp-json\/wp\/v2\/pages\/46\/revisions\/414"}],"wp:attachment":[{"href":"https:\/\/juma-handel-projekt.de\/index.php\/wp-json\/wp\/v2\/media?parent=46"}],"curies":[{"name":"wp","href":"https:\/\/api.w.org\/{rel}","templated":true}]}}