{"id":59,"date":"2025-09-16T20:38:06","date_gmt":"2025-09-16T18:38:06","guid":{"rendered":"https:\/\/post1a7817bd6c2-obcei.wordpress.com\/?page_id=59"},"modified":"2025-09-30T11:37:32","modified_gmt":"2025-09-30T09:37:32","slug":"impressum","status":"publish","type":"page","link":"https:\/\/juma-handel-projekt.de\/index.php\/impressum\/","title":{"rendered":"Impressum"},"content":{"rendered":"\n<p>Gesetzliche Anbieterkennung:<br>JUMA Handel und Projekt GmbH<br>diese vertr. d. d. Gesch\u00e4ftsf\u00fchrerin Julita Petersen <br>B\u00fcro: <br>Schubertstr. 34<br>25524 Itzehoe<br>Deutschland<br>Telefon: +49 4121 &#8211; 264 3636 <br><br>E-Mail: post@juma-handel-projekt.de<br>USt-IdNr.: DE356331031<br>eingetragen im Handelsregister des Amtsgerichtes Pinneberg<br>Handelsregisternummer HRB 17009<\/p>\n\n\n\n<div style=\"height:368px\" aria-hidden=\"true\" class=\"wp-block-spacer\"><\/div>\n","protected":false},"excerpt":{"rendered":"<p>Gesetzliche Anbieterkennung:JUMA Handel und Projekt GmbHdiese vertr. d. d. Gesch\u00e4ftsf\u00fchrerin Julita Petersen B\u00fcro: Schubertstr. 3425524 ItzehoeDeutschlandTelefon: +49 4121 &#8211; 264 3636 E-Mail: post@juma-handel-projekt.deUSt-IdNr.: DE356331031eingetragen im Handelsregister des Amtsgerichtes PinnebergHandelsregisternummer HRB 17009<\/p>\n","protected":false},"author":2,"featured_media":0,"parent":0,"menu_order":0,"comment_status":"closed","ping_status":"closed","template":"","meta":{"footnotes":""},"class_list":["post-59","page","type-page","status-publish","hentry"],"_links":{"self":[{"href":"https:\/\/juma-handel-projekt.de\/index.php\/wp-json\/wp\/v2\/pages\/59","targetHints":{"allow":["GET"]}}],"collection":[{"href":"https:\/\/juma-handel-projekt.de\/index.php\/wp-json\/wp\/v2\/pages"}],"about":[{"href":"https:\/\/juma-handel-projekt.de\/index.php\/wp-json\/wp\/v2\/types\/page"}],"author":[{"embeddable":true,"href":"https:\/\/juma-handel-projekt.de\/index.php\/wp-json\/wp\/v2\/users\/2"}],"replies":[{"embeddable":true,"href":"https:\/\/juma-handel-projekt.de\/index.php\/wp-json\/wp\/v2\/comments?post=59"}],"version-history":[{"count":1,"href":"https:\/\/juma-handel-projekt.de\/index.php\/wp-json\/wp\/v2\/pages\/59\/revisions"}],"predecessor-version":[{"id":401,"href":"https:\/\/juma-handel-projekt.de\/index.php\/wp-json\/wp\/v2\/pages\/59\/revisions\/401"}],"wp:attachment":[{"href":"https:\/\/juma-handel-projekt.de\/index.php\/wp-json\/wp\/v2\/media?parent=59"}],"curies":[{"name":"wp","href":"https:\/\/api.w.org\/{rel}","templated":true}]}}